{"id":599,"date":"2025-05-01T00:15:10","date_gmt":"2025-04-30T21:15:10","guid":{"rendered":"https:\/\/www.88.com.tr\/brendl%c9%99r\/"},"modified":"2025-05-05T22:59:10","modified_gmt":"2025-05-05T19:59:10","slug":"brendl%c9%99r","status":"publish","type":"page","link":"https:\/\/www.88.com.tr\/az\/brendl%c9%99r\/","title":{"rendered":"Brendl\u0259r"},"content":{"rendered":"<div class=\"wpb-content-wrapper\"><p>[vc_row row_height_percent=&#8221;0&#8243; override_padding=&#8221;yes&#8221; h_padding=&#8221;4&#8243; top_padding=&#8221;3&#8243; bottom_padding=&#8221;1&#8243; overlay_alpha=&#8221;100&#8243; gutter_size=&#8221;3&#8243; column_width_percent=&#8221;100&#8243; shift_y=&#8221;0&#8243; z_index=&#8221;0&#8243; content_parallax=&#8221;0&#8243; style=&#8221;inherited&#8221; uncode_shortcode_id=&#8221;280069&#8243;][vc_column column_width_use_pixel=&#8221;yes&#8221; gutter_size=&#8221;0&#8243; overlay_alpha=&#8221;100&#8243; shift_x=&#8221;0&#8243; shift_y=&#8221;0&#8243; shift_y_down=&#8221;0&#8243; z_index=&#8221;0&#8243; medium_width=&#8221;0&#8243; mobile_width=&#8221;0&#8243; zoom_width=&#8221;0&#8243; zoom_height=&#8221;0&#8243; width=&#8221;1\/1&#8243; uncode_shortcode_id=&#8221;212799&#8243;][vc_column_text uncode_shortcode_id=&#8221;182763&#8243; css=&#8221;.vc_custom_1746047823771{margin-bottom: 60px !important;}&#8221;]Biz xidm\u0259t g\u00f6st\u0259rdiyimiz h\u0259r bir brendin m\u0259qs\u0259dl\u0259rin\u0259 uy\u011fun x\u00fcsusi strategiyalar yarad\u0131r\u0131q v\u0259 g\u0259rgin r\u0259qab\u0259t \u015f\u0259raitind\u0259 h\u0259r bir brendin b\u00f6y\u00fcm\u0259sin\u0259 m\u00fcsb\u0259t t\u00f6hf\u0259 veririk.[\/vc_column_text][\/vc_column][\/vc_row][vc_row row_height_percent=&#8221;0&#8243; override_padding=&#8221;yes&#8221; h_padding=&#8221;2&#8243; top_padding=&#8221;2&#8243; bottom_padding=&#8221;2&#8243; overlay_alpha=&#8221;100&#8243; gutter_size=&#8221;3&#8243; column_width_percent=&#8221;100&#8243; border_color=&#8221;color-gyho&#8221; border_style=&#8221;solid&#8221; shift_y=&#8221;0&#8243; z_index=&#8221;0&#8243; content_parallax=&#8221;0&#8243; uncode_shortcode_id=&#8221;149769&#8243; border_color_type=&#8221;uncode-palette&#8221;][vc_column column_width_percent=&#8221;100&#8243; align_horizontal=&#8221;align_center&#8221; gutter_size=&#8221;0&#8243; overlay_alpha=&#8221;100&#8243; shift_x=&#8221;0&#8243; shift_y=&#8221;0&#8243; shift_y_down=&#8221;0&#8243; z_index=&#8221;0&#8243; medium_width=&#8221;0&#8243; mobile_width=&#8221;0&#8243; zoom_width=&#8221;0&#8243; zoom_height=&#8221;0&#8243; width=&#8221;1\/1&#8243; uncode_shortcode_id=&#8221;688707&#8243;][vc_gallery el_id=&#8221;gallery-85457&#8243; type=&#8221;css_grid&#8221; medias=&#8221;190,194,198,202,206,210,214,218,222,226,230,234,238,242,246,250,254,258,262,266,270,274,278,282,286,290,294,298,302,306,310,314,318,322,326,330,334,338,342,346,350,354,358,362,366,370,374,378,382,386,390,394,398,402,406,410,414,418,422,426,430&#8243; grid_items=&#8221;6&#8243; screen_lg_items=&#8221;5&#8243; screen_lg_breakpoint=&#8221;1024&#8243; screen_md_items=&#8221;4&#8243; screen_md_breakpoint=&#8221;991&#8243; screen_sm_items=&#8221;2&#8243; screen_sm_breakpoint=&#8221;480&#8243; gutter_size=&#8221;0&#8243; inner_padding=&#8221;yes&#8221; css_grid_v_align=&#8221;middle&#8221; media_items=&#8221;media|nolink|original&#8221; single_overlay_opacity=&#8221;1&#8243; single_overlay_visible=&#8221;yes&#8221; single_overlay_anim=&#8221;no&#8221; single_text_anim=&#8221;no&#8221; single_image_coloration=&#8221;desaturated&#8221; single_image_color_anim=&#8221;yes&#8221; single_padding=&#8221;2&#8243; uncode_shortcode_id=&#8221;341964&#8243;][\/vc_column][\/vc_row]<\/p>\n<\/div>","protected":false},"excerpt":{"rendered":"<p>[vc_row row_height_percent=&#8221;0&#8243; override_padding=&#8221;yes&#8221; h_padding=&#8221;4&#8243; top_padding=&#8221;3&#8243; bottom_padding=&#8221;1&#8243; overlay_alpha=&#8221;100&#8243; gutter_size=&#8221;3&#8243; column_width_percent=&#8221;100&#8243; shift_y=&#8221;0&#8243; z_index=&#8221;0&#8243; content_parallax=&#8221;0&#8243; style=&#8221;inherited&#8221; uncode_shortcode_id=&#8221;280069&#8243;][vc_column column_width_use_pixel=&#8221;yes&#8221; gutter_size=&#8221;0&#8243; overlay_alpha=&#8221;100&#8243; shift_x=&#8221;0&#8243; shift_y=&#8221;0&#8243; shift_y_down=&#8221;0&#8243; [&hellip;]<\/p>\n","protected":false},"author":1,"featured_media":0,"parent":0,"menu_order":0,"comment_status":"closed","ping_status":"closed","template":"","meta":{"footnotes":""},"class_list":["post-599","page","type-page","status-publish","hentry"],"yoast_head":"<!-- This site is optimized with the Yoast SEO Premium plugin v27.4 (Yoast SEO v27.5) - https:\/\/yoast.com\/product\/yoast-seo-premium-wordpress\/ -->\n<title>Brendl\u0259r | 88 Creative | R\u0259q\u0259msal Reklam Agentliyi<\/title>\n<meta name=\"robots\" content=\"index, follow, max-snippet:-1, max-image-preview:large, max-video-preview:-1\" \/>\n<link rel=\"canonical\" href=\"https:\/\/www.88.com.tr\/markalar\/\" \/>\n<meta property=\"og:locale\" content=\"az_AZ\" \/>\n<meta property=\"og:type\" content=\"article\" \/>\n<meta property=\"og:title\" content=\"Brendl\u0259r\" \/>\n<meta property=\"og:description\" content=\"[vc_row row_height_percent=&#8221;0&#8243; override_padding=&#8221;yes&#8221; h_padding=&#8221;4&#8243; top_padding=&#8221;3&#8243; bottom_padding=&#8221;1&#8243; overlay_alpha=&#8221;100&#8243; gutter_size=&#8221;3&#8243; column_width_percent=&#8221;100&#8243; shift_y=&#8221;0&#8243; z_index=&#8221;0&#8243; content_parallax=&#8221;0&#8243; style=&#8221;inherited&#8221; uncode_shortcode_id=&#8221;280069&#8243;][vc_column column_width_use_pixel=&#8221;yes&#8221; gutter_size=&#8221;0&#8243; overlay_alpha=&#8221;100&#8243; shift_x=&#8221;0&#8243; shift_y=&#8221;0&#8243; shift_y_down=&#8221;0&#8243; [&hellip;]\" \/>\n<meta property=\"og:url\" content=\"https:\/\/www.88.com.tr\/markalar\/\" \/>\n<meta property=\"og:site_name\" content=\"88 Creative | R\u0259q\u0259msal Reklam Agentliyi\" \/>\n<meta property=\"article:publisher\" content=\"https:\/\/www.facebook.com\/88creative.agency\/\" \/>\n<meta property=\"article:modified_time\" content=\"2025-05-05T19:59:10+00:00\" \/>\n<meta property=\"og:image\" content=\"https:\/\/www.88.com.tr\/wp-content\/uploads\/2025\/10\/logo.png\" \/>\n\t<meta property=\"og:image:width\" content=\"250\" \/>\n\t<meta property=\"og:image:height\" content=\"178\" \/>\n\t<meta property=\"og:image:type\" content=\"image\/png\" \/>\n<meta name=\"twitter:card\" content=\"summary_large_image\" \/>\n<meta name=\"twitter:label1\" content=\"Est. reading time\" \/>\n\t<meta name=\"twitter:data1\" content=\"1 minute\" \/>\n<script type=\"application\/ld+json\" class=\"yoast-schema-graph\">{\"@context\":\"https:\\\/\\\/schema.org\",\"@graph\":[{\"@type\":\"WebPage\",\"@id\":\"https:\\\/\\\/www.88.com.tr\\\/markalar\\\/\",\"url\":\"https:\\\/\\\/www.88.com.tr\\\/markalar\\\/\",\"name\":\"Brendl\u0259r | 88 Creative | R\u0259q\u0259msal Reklam Agentliyi\",\"isPartOf\":{\"@id\":\"https:\\\/\\\/www.88.com.tr\\\/#website\"},\"datePublished\":\"2025-04-30T21:15:10+00:00\",\"dateModified\":\"2025-05-05T19:59:10+00:00\",\"breadcrumb\":{\"@id\":\"https:\\\/\\\/www.88.com.tr\\\/markalar\\\/#breadcrumb\"},\"inLanguage\":\"az\",\"potentialAction\":[{\"@type\":\"ReadAction\",\"target\":[\"https:\\\/\\\/www.88.com.tr\\\/markalar\\\/\"]}]},{\"@type\":\"BreadcrumbList\",\"@id\":\"https:\\\/\\\/www.88.com.tr\\\/markalar\\\/#breadcrumb\",\"itemListElement\":[{\"@type\":\"ListItem\",\"position\":1,\"name\":\"Anasayfa\",\"item\":\"https:\\\/\\\/www.88.com.tr\\\/\"},{\"@type\":\"ListItem\",\"position\":2,\"name\":\"Brendl\u0259r\"}]},{\"@type\":\"WebSite\",\"@id\":\"https:\\\/\\\/www.88.com.tr\\\/#website\",\"url\":\"https:\\\/\\\/www.88.com.tr\\\/\",\"name\":\"88 Creative | R\u0259q\u0259msal Reklam Agentliyi\",\"description\":\"\",\"publisher\":{\"@id\":\"https:\\\/\\\/www.88.com.tr\\\/#organization\"},\"potentialAction\":[{\"@type\":\"SearchAction\",\"target\":{\"@type\":\"EntryPoint\",\"urlTemplate\":\"https:\\\/\\\/www.88.com.tr\\\/?s={search_term_string}\"},\"query-input\":{\"@type\":\"PropertyValueSpecification\",\"valueRequired\":true,\"valueName\":\"search_term_string\"}}],\"inLanguage\":\"az\"},{\"@type\":\"Organization\",\"@id\":\"https:\\\/\\\/www.88.com.tr\\\/#organization\",\"name\":\"88 Creative - Dijital Reklam Ajans\u0131\",\"url\":\"https:\\\/\\\/www.88.com.tr\\\/\",\"logo\":{\"@type\":\"ImageObject\",\"inLanguage\":\"az\",\"@id\":\"https:\\\/\\\/www.88.com.tr\\\/#\\\/schema\\\/logo\\\/image\\\/\",\"url\":\"https:\\\/\\\/www.88.com.tr\\\/wp-content\\\/uploads\\\/2025\\\/10\\\/logo.png\",\"contentUrl\":\"https:\\\/\\\/www.88.com.tr\\\/wp-content\\\/uploads\\\/2025\\\/10\\\/logo.png\",\"width\":250,\"height\":178,\"caption\":\"88 Creative - Dijital Reklam Ajans\u0131\"},\"image\":{\"@id\":\"https:\\\/\\\/www.88.com.tr\\\/#\\\/schema\\\/logo\\\/image\\\/\"},\"sameAs\":[\"https:\\\/\\\/www.facebook.com\\\/88creative.agency\\\/\",\"https:\\\/\\\/www.instagram.com\\\/88creative.agency\\\/\",\"https:\\\/\\\/tr.linkedin.com\\\/company\\\/88creative-agency\"]}]}<\/script>\n<!-- \/ Yoast SEO Premium plugin. -->","yoast_head_json":{"title":"Brendl\u0259r | 88 Creative | R\u0259q\u0259msal Reklam Agentliyi","robots":{"index":"index","follow":"follow","max-snippet":"max-snippet:-1","max-image-preview":"max-image-preview:large","max-video-preview":"max-video-preview:-1"},"canonical":"https:\/\/www.88.com.tr\/markalar\/","og_locale":"az_AZ","og_type":"article","og_title":"Brendl\u0259r","og_description":"[vc_row row_height_percent=&#8221;0&#8243; override_padding=&#8221;yes&#8221; h_padding=&#8221;4&#8243; top_padding=&#8221;3&#8243; bottom_padding=&#8221;1&#8243; overlay_alpha=&#8221;100&#8243; gutter_size=&#8221;3&#8243; column_width_percent=&#8221;100&#8243; shift_y=&#8221;0&#8243; z_index=&#8221;0&#8243; content_parallax=&#8221;0&#8243; style=&#8221;inherited&#8221; uncode_shortcode_id=&#8221;280069&#8243;][vc_column column_width_use_pixel=&#8221;yes&#8221; gutter_size=&#8221;0&#8243; overlay_alpha=&#8221;100&#8243; shift_x=&#8221;0&#8243; shift_y=&#8221;0&#8243; shift_y_down=&#8221;0&#8243; [&hellip;]","og_url":"https:\/\/www.88.com.tr\/markalar\/","og_site_name":"88 Creative | R\u0259q\u0259msal Reklam Agentliyi","article_publisher":"https:\/\/www.facebook.com\/88creative.agency\/","article_modified_time":"2025-05-05T19:59:10+00:00","og_image":[{"width":250,"height":178,"url":"https:\/\/www.88.com.tr\/wp-content\/uploads\/2025\/10\/logo.png","type":"image\/png"}],"twitter_card":"summary_large_image","twitter_misc":{"Est. reading time":"1 minute"},"schema":{"@context":"https:\/\/schema.org","@graph":[{"@type":"WebPage","@id":"https:\/\/www.88.com.tr\/markalar\/","url":"https:\/\/www.88.com.tr\/markalar\/","name":"Brendl\u0259r | 88 Creative | R\u0259q\u0259msal Reklam Agentliyi","isPartOf":{"@id":"https:\/\/www.88.com.tr\/#website"},"datePublished":"2025-04-30T21:15:10+00:00","dateModified":"2025-05-05T19:59:10+00:00","breadcrumb":{"@id":"https:\/\/www.88.com.tr\/markalar\/#breadcrumb"},"inLanguage":"az","potentialAction":[{"@type":"ReadAction","target":["https:\/\/www.88.com.tr\/markalar\/"]}]},{"@type":"BreadcrumbList","@id":"https:\/\/www.88.com.tr\/markalar\/#breadcrumb","itemListElement":[{"@type":"ListItem","position":1,"name":"Anasayfa","item":"https:\/\/www.88.com.tr\/"},{"@type":"ListItem","position":2,"name":"Brendl\u0259r"}]},{"@type":"WebSite","@id":"https:\/\/www.88.com.tr\/#website","url":"https:\/\/www.88.com.tr\/","name":"88 Creative | R\u0259q\u0259msal Reklam Agentliyi","description":"","publisher":{"@id":"https:\/\/www.88.com.tr\/#organization"},"potentialAction":[{"@type":"SearchAction","target":{"@type":"EntryPoint","urlTemplate":"https:\/\/www.88.com.tr\/?s={search_term_string}"},"query-input":{"@type":"PropertyValueSpecification","valueRequired":true,"valueName":"search_term_string"}}],"inLanguage":"az"},{"@type":"Organization","@id":"https:\/\/www.88.com.tr\/#organization","name":"88 Creative - Dijital Reklam Ajans\u0131","url":"https:\/\/www.88.com.tr\/","logo":{"@type":"ImageObject","inLanguage":"az","@id":"https:\/\/www.88.com.tr\/#\/schema\/logo\/image\/","url":"https:\/\/www.88.com.tr\/wp-content\/uploads\/2025\/10\/logo.png","contentUrl":"https:\/\/www.88.com.tr\/wp-content\/uploads\/2025\/10\/logo.png","width":250,"height":178,"caption":"88 Creative - Dijital Reklam Ajans\u0131"},"image":{"@id":"https:\/\/www.88.com.tr\/#\/schema\/logo\/image\/"},"sameAs":["https:\/\/www.facebook.com\/88creative.agency\/","https:\/\/www.instagram.com\/88creative.agency\/","https:\/\/tr.linkedin.com\/company\/88creative-agency"]}]}},"_links":{"self":[{"href":"https:\/\/www.88.com.tr\/az\/wp-json\/wp\/v2\/pages\/599","targetHints":{"allow":["GET"]}}],"collection":[{"href":"https:\/\/www.88.com.tr\/az\/wp-json\/wp\/v2\/pages"}],"about":[{"href":"https:\/\/www.88.com.tr\/az\/wp-json\/wp\/v2\/types\/page"}],"author":[{"embeddable":true,"href":"https:\/\/www.88.com.tr\/az\/wp-json\/wp\/v2\/users\/1"}],"replies":[{"embeddable":true,"href":"https:\/\/www.88.com.tr\/az\/wp-json\/wp\/v2\/comments?post=599"}],"version-history":[{"count":0,"href":"https:\/\/www.88.com.tr\/az\/wp-json\/wp\/v2\/pages\/599\/revisions"}],"wp:attachment":[{"href":"https:\/\/www.88.com.tr\/az\/wp-json\/wp\/v2\/media?parent=599"}],"curies":[{"name":"wp","href":"https:\/\/api.w.org\/{rel}","templated":true}]}}