{"id":605,"date":"2025-04-29T22:40:06","date_gmt":"2025-04-29T19:40:06","guid":{"rendered":"https:\/\/www.88.com.tr\/haqqimizda\/"},"modified":"2026-04-28T00:19:55","modified_gmt":"2026-04-27T21:19:55","slug":"haqqimizda","status":"publish","type":"page","link":"https:\/\/www.88.com.tr\/az\/haqqimizda\/","title":{"rendered":"Haqq\u0131m\u0131zda"},"content":{"rendered":"<div class=\"wpb-content-wrapper\"><p>[vc_row row_height_percent=&#8221;0&#8243; override_padding=&#8221;yes&#8221; h_padding=&#8221;4&#8243; top_padding=&#8221;3&#8243; bottom_padding=&#8221;3&#8243; overlay_alpha=&#8221;100&#8243; gutter_size=&#8221;3&#8243; column_width_percent=&#8221;100&#8243; shift_y=&#8221;0&#8243; z_index=&#8221;0&#8243; content_parallax=&#8221;0&#8243; style=&#8221;inherited&#8221; uncode_shortcode_id=&#8221;764917&#8243;][vc_column column_width_use_pixel=&#8221;yes&#8221; gutter_size=&#8221;4&#8243; font_family=&#8221;font-555555&#8243; overlay_alpha=&#8221;100&#8243; shift_x=&#8221;0&#8243; shift_y=&#8221;0&#8243; shift_y_down=&#8221;0&#8243; z_index=&#8221;0&#8243; medium_width=&#8221;0&#8243; mobile_width=&#8221;0&#8243; zoom_width=&#8221;0&#8243; zoom_height=&#8221;0&#8243; width=&#8221;1\/1&#8243; uncode_shortcode_id=&#8221;873064&#8243;][vc_column_text uncode_shortcode_id=&#8221;160166&#8243;]<strong>88 Creative olaraq, brendl\u0259rin hekay\u0259l\u0259rini yarad\u0131c\u0131 h\u0259ll\u0259rl\u0259 g\u00fccl\u0259ndirir, onlar\u0131n r\u0259q\u0259msal d\u00fcnyada \u00f6n\u0259 \u00e7\u0131xmas\u0131n\u0131 t\u0259min edirik.<br \/>\n<\/strong>14 illik sektor t\u0259cr\u00fcb\u0259mizl\u0259; video prodak\u015fn, qrafik dizayn, veb inki\u015faf\u0131 v\u0259 r\u0259q\u0259msal marketinq sah\u0259l\u0259rind\u0259 m\u00fct\u0259x\u0259ssis komandam\u0131zla xidm\u0259t g\u00f6st\u0259ririk.<\/p>\n<p><strong>\u0130zmir v\u0259 Bodrumda yerl\u0259\u015f\u0259n ofisl\u0259rimizl\u0259<\/strong> yerli v\u0259 milli miqyasda g\u00fccl\u00fc \u0259m\u0259kda\u015fl\u0131qlar quraraq brendl\u0259rin r\u0259q\u0259msal varl\u0131\u011f\u0131n\u0131 \u0259n y\u00fcks\u0259k s\u0259viyy\u0259y\u0259 da\u015f\u0131y\u0131r\u0131q. H\u0259r bir brendin \u00f6z\u00fcn\u0259m\u0259xsus bir hekay\u0259si oldu\u011funa inan\u0131r, bu unikall\u0131\u011f\u0131 \u00fcz\u0259 \u00e7\u0131xarmaq \u00fc\u00e7\u00fcn orijinal ideyalar v\u0259 strateji yana\u015fmalar haz\u0131rlay\u0131r\u0131q.<\/p>\n<p>Yaln\u0131z estetik bax\u0131mdan g\u00fccl\u00fc deyil, eyni zamanda effektiv v\u0259 n\u0259tic\u0259y\u00f6n\u00fcml\u00fc h\u0259ll\u0259r t\u0259qdim ed\u0259r\u0259k brendinizi h\u0259d\u0259f auditoriyan\u0131zla bir araya g\u0259tiririk.<\/p>\n<p><strong>88 Creative yaln\u0131z bir agentlik deyil; brendinizi g\u0259l\u0259c\u0259y\u0259 da\u015f\u0131yan yarad\u0131c\u0131 bir t\u0259r\u0259fda\u015fd\u0131r.<\/strong>[\/vc_column_text][vc_empty_space empty_h=&#8221;2&#8243;][vc_custom_heading heading_semantic=&#8221;p&#8221; text_font=&#8221;font-555555&#8243; text_size=&#8221;custom&#8221; uncode_shortcode_id=&#8221;153040&#8243; heading_custom_size=&#8221;18px&#8221;]Tan\u0131\u015f Olaq![\/vc_custom_heading][vc_column_text uncode_shortcode_id=&#8221;696147&#8243; css=&#8221;.vc_custom_1759352572877{margin-top: 20px !important;margin-bottom: 20px !important;}&#8221;]88 Creative on ild\u0259n art\u0131qd\u0131r ki, yerli v\u0259 beyn\u0259lxalq m\u00fc\u015ft\u0259ril\u0259r \u00fc\u00e7\u00fcn y\u00fcks\u0259k keyfiyy\u0259tli xidm\u0259tl\u0259r g\u00f6st\u0259rir. \u0130\u015f \u00fcsullar\u0131m\u0131z, bacar\u0131q d\u0259stimiz haqq\u0131nda \u0259trafl\u0131 m\u0259lumat \u0259ld\u0259 edin v\u0259 komandam\u0131zla tan\u0131\u015f olun.[\/vc_column_text][\/vc_column][\/vc_row][vc_row unlock_row_content=&#8221;yes&#8221; row_height_percent=&#8221;0&#8243; override_padding=&#8221;yes&#8221; h_padding=&#8221;2&#8243; top_padding=&#8221;3&#8243; bottom_padding=&#8221;3&#8243; back_color=&#8221;accent&#8221; overlay_alpha=&#8221;100&#8243; gutter_size=&#8221;100&#8243; column_width_percent=&#8221;100&#8243; shift_y=&#8221;0&#8243; z_index=&#8221;0&#8243; content_parallax=&#8221;0&#8243; shift_y_down=&#8221;0&#8243; style=&#8221;inherited&#8221; uncode_shortcode_id=&#8221;159727&#8243; back_color_type=&#8221;uncode-palette&#8221;][vc_column column_width_percent=&#8221;90&#8243; position_vertical=&#8221;middle&#8221; align_horizontal=&#8221;align_center&#8221; gutter_size=&#8221;4&#8243; override_padding=&#8221;yes&#8221; column_padding=&#8221;3&#8243; style=&#8221;dark&#8221; overlay_alpha=&#8221;100&#8243; shift_x=&#8221;0&#8243; shift_y=&#8221;0&#8243; shift_y_down=&#8221;0&#8243; z_index=&#8221;0&#8243; medium_width=&#8221;0&#8243; mobile_width=&#8221;0&#8243; zoom_width=&#8221;0&#8243; zoom_height=&#8221;0&#8243; width=&#8221;1\/1&#8243; uncode_shortcode_id=&#8221;175771&#8243;][vc_custom_heading text_font=&#8221;font-555555&#8243; text_size=&#8221;custom&#8221; text_space=&#8221;fontspace-936796&#8243; uncode_shortcode_id=&#8221;137101&#8243; heading_custom_size=&#8221;15px&#8221;]X\u0130DM\u018fTL\u018fR\u0130M\u0130Z[\/vc_custom_heading][vc_row_inner row_inner_height_percent=&#8221;0&#8243; overlay_alpha=&#8221;100&#8243; gutter_size=&#8221;4&#8243; shift_y=&#8221;0&#8243; z_index=&#8221;0&#8243; limit_content=&#8221;&#8221; uncode_shortcode_id=&#8221;169281&#8243; css=&#8221;.vc_custom_1732410691364{margin-top: 50px !important;}&#8221;][vc_column_inner column_width_percent=&#8221;100&#8243; align_horizontal=&#8221;align_center&#8221; gutter_size=&#8221;3&#8243; style=&#8221;dark&#8221; overlay_alpha=&#8221;50&#8243; shift_x=&#8221;0&#8243; shift_y=&#8221;0&#8243; shift_y_down=&#8221;0&#8243; z_index=&#8221;0&#8243; medium_width=&#8221;3&#8243; mobile_width=&#8221;7&#8243; width=&#8221;1\/3&#8243; uncode_shortcode_id=&#8221;208812&#8243;][vc_icon icon=&#8221;fa fa-megaphone&#8221; size=&#8221;fa-3x&#8221; heading_semantic=&#8221;h6&#8243; text_font=&#8221;font-555555&#8243; text_size=&#8221;fontsize-568135&#8243; css_animation=&#8221;zoom-out&#8221; animation_delay=&#8221;300&#8243; title=&#8221;SOS\u0130AL MED\u0130A \u0130DAR\u018fETM\u018fS\u0130&#8221; uncode_shortcode_id=&#8221;131741&#8243;][\/vc_icon][\/vc_column_inner][vc_column_inner column_width_percent=&#8221;100&#8243; align_horizontal=&#8221;align_center&#8221; gutter_size=&#8221;3&#8243; style=&#8221;dark&#8221; overlay_alpha=&#8221;50&#8243; shift_x=&#8221;0&#8243; shift_y=&#8221;0&#8243; shift_y_down=&#8221;0&#8243; z_index=&#8221;0&#8243; medium_width=&#8221;2&#8243; mobile_width=&#8221;7&#8243; width=&#8221;1\/3&#8243; uncode_shortcode_id=&#8221;908524&#8243;][vc_icon icon=&#8221;fa fa-tools&#8221; size=&#8221;fa-3x&#8221; heading_semantic=&#8221;h6&#8243; text_font=&#8221;font-555555&#8243; text_size=&#8221;fontsize-568135&#8243; css_animation=&#8221;zoom-out&#8221; animation_delay=&#8221;300&#8243; title=&#8221;YARADICI&#8221; uncode_shortcode_id=&#8221;501159&#8243;][\/vc_icon][\/vc_column_inner][vc_column_inner column_width_percent=&#8221;100&#8243; align_horizontal=&#8221;align_center&#8221; gutter_size=&#8221;3&#8243; style=&#8221;dark&#8221; overlay_alpha=&#8221;50&#8243; shift_x=&#8221;0&#8243; shift_y=&#8221;0&#8243; shift_y_down=&#8221;0&#8243; z_index=&#8221;0&#8243; medium_width=&#8221;2&#8243; mobile_width=&#8221;7&#8243; width=&#8221;1\/3&#8243; uncode_shortcode_id=&#8221;654905&#8243;][vc_icon icon=&#8221;fa fa-trophy2&#8243; size=&#8221;fa-3x&#8221; heading_semantic=&#8221;h6&#8243; text_font=&#8221;font-555555&#8243; text_size=&#8221;fontsize-568135&#8243; css_animation=&#8221;zoom-out&#8221; animation_delay=&#8221;200&#8243; title=&#8221;BREND\u0130NQ&#8221; uncode_shortcode_id=&#8221;613806&#8243;][\/vc_icon][\/vc_column_inner][\/vc_row_inner][vc_empty_space empty_h=&#8221;3&#8243; mobile_visibility=&#8221;yes&#8221;][vc_row_inner row_inner_height_percent=&#8221;0&#8243; overlay_alpha=&#8221;100&#8243; gutter_size=&#8221;4&#8243; shift_y=&#8221;0&#8243; z_index=&#8221;0&#8243; limit_content=&#8221;&#8221; uncode_shortcode_id=&#8221;137013&#8243;][vc_column_inner column_width_percent=&#8221;100&#8243; align_horizontal=&#8221;align_center&#8221; gutter_size=&#8221;3&#8243; style=&#8221;dark&#8221; overlay_alpha=&#8221;50&#8243; shift_x=&#8221;0&#8243; shift_y=&#8221;0&#8243; shift_y_down=&#8221;0&#8243; z_index=&#8221;0&#8243; medium_width=&#8221;2&#8243; mobile_width=&#8221;7&#8243; width=&#8221;1\/3&#8243; uncode_shortcode_id=&#8221;205864&#8243;][vc_icon icon=&#8221;fa fa-laptop2&#8243; size=&#8221;fa-3x&#8221; heading_semantic=&#8221;h6&#8243; text_font=&#8221;font-555555&#8243; text_size=&#8221;fontsize-568135&#8243; css_animation=&#8221;zoom-out&#8221; animation_delay=&#8221;300&#8243; title=&#8221;WEB D\u0130ZAYN&#8221; uncode_shortcode_id=&#8221;930002&#8243;][\/vc_icon][\/vc_column_inner][vc_column_inner column_width_percent=&#8221;100&#8243; align_horizontal=&#8221;align_center&#8221; gutter_size=&#8221;3&#8243; style=&#8221;dark&#8221; overlay_alpha=&#8221;50&#8243; shift_x=&#8221;0&#8243; shift_y=&#8221;0&#8243; shift_y_down=&#8221;0&#8243; z_index=&#8221;0&#8243; medium_width=&#8221;2&#8243; mobile_width=&#8221;7&#8243; width=&#8221;1\/3&#8243; uncode_shortcode_id=&#8221;154156&#8243;][vc_icon icon=&#8221;fa fa-camera-video&#8221; size=&#8221;fa-3x&#8221; heading_semantic=&#8221;h6&#8243; text_font=&#8221;font-555555&#8243; text_size=&#8221;fontsize-568135&#8243; css_animation=&#8221;zoom-out&#8221; animation_delay=&#8221;200&#8243; title=&#8221;V\u0130DEO \u0130STEHSALI&#8221; uncode_shortcode_id=&#8221;183931&#8243;][\/vc_icon][\/vc_column_inner][vc_column_inner column_width_percent=&#8221;100&#8243; align_horizontal=&#8221;align_center&#8221; gutter_size=&#8221;3&#8243; style=&#8221;dark&#8221; overlay_alpha=&#8221;50&#8243; shift_x=&#8221;0&#8243; shift_y=&#8221;0&#8243; shift_y_down=&#8221;0&#8243; z_index=&#8221;0&#8243; medium_width=&#8221;2&#8243; mobile_width=&#8221;7&#8243; width=&#8221;1\/3&#8243; uncode_shortcode_id=&#8221;967319&#8243;][vc_icon icon=&#8221;fa fa-camera2&#8243; size=&#8221;fa-3x&#8221; heading_semantic=&#8221;h6&#8243; text_font=&#8221;font-555555&#8243; text_size=&#8221;fontsize-568135&#8243; css_animation=&#8221;zoom-out&#8221; animation_delay=&#8221;300&#8243; title=&#8221;FOTO \u00c7\u018fKL\u0130\u015e&#8221; uncode_shortcode_id=&#8221;458241&#8243;][\/vc_icon][\/vc_column_inner][\/vc_row_inner][\/vc_column][\/vc_row][vc_row row_height_percent=&#8221;0&#8243; override_padding=&#8221;yes&#8221; h_padding=&#8221;2&#8243; top_padding=&#8221;3&#8243; bottom_padding=&#8221;3&#8243; overlay_alpha=&#8221;100&#8243; gutter_size=&#8221;3&#8243; column_width_percent=&#8221;100&#8243; border_color=&#8221;color-gyho&#8221; border_style=&#8221;solid&#8221; shift_y=&#8221;0&#8243; z_index=&#8221;0&#8243; content_parallax=&#8221;0&#8243; uncode_shortcode_id=&#8221;879526&#8243; border_color_type=&#8221;uncode-palette&#8221;][vc_column column_width_percent=&#8221;100&#8243; align_horizontal=&#8221;align_center&#8221; gutter_size=&#8221;4&#8243; overlay_alpha=&#8221;100&#8243; shift_x=&#8221;0&#8243; shift_y=&#8221;0&#8243; shift_y_down=&#8221;0&#8243; z_index=&#8221;0&#8243; medium_width=&#8221;0&#8243; mobile_width=&#8221;0&#8243; zoom_width=&#8221;0&#8243; zoom_height=&#8221;0&#8243; width=&#8221;1\/1&#8243; uncode_shortcode_id=&#8221;181203&#8243;][vc_custom_heading text_font=&#8221;font-555555&#8243; text_size=&#8221;custom&#8221; text_space=&#8221;fontspace-936796&#8243; uncode_shortcode_id=&#8221;103507&#8243; heading_custom_size=&#8221;15px&#8221;]BRENDLER\u0130M\u0130Z[\/vc_custom_heading][vc_column_text uncode_shortcode_id=&#8221;139082&#8243; css=&#8221;.vc_custom_1727523658426{margin-bottom: 60px !important;}&#8221;]Biz xidm\u0259t g\u00f6st\u0259rdiyimiz h\u0259r bir brendin m\u0259qs\u0259dl\u0259rin\u0259 uy\u011fun x\u00fcsusi strategiyalar yarad\u0131r\u0131q v\u0259 g\u0259rgin r\u0259qab\u0259t \u015f\u0259raitind\u0259 h\u0259r bir brendin b\u00f6y\u00fcm\u0259sin\u0259 m\u00fcsb\u0259t t\u00f6hf\u0259 veririk.[\/vc_column_text][vc_gallery el_id=&#8221;gallery-85457&#8243; type=&#8221;css_grid&#8221; medias=&#8221;271,223,315,303,427,259,263,251,407,195,227,295,411,383,331,243,199,327&#8243; grid_items=&#8221;6&#8243; screen_lg_items=&#8221;5&#8243; screen_lg_breakpoint=&#8221;1024&#8243; screen_md_items=&#8221;4&#8243; screen_md_breakpoint=&#8221;991&#8243; screen_sm_items=&#8221;2&#8243; screen_sm_breakpoint=&#8221;480&#8243; gutter_size=&#8221;0&#8243; inner_padding=&#8221;yes&#8221; css_grid_v_align=&#8221;middle&#8221; media_items=&#8221;media|nolink|original&#8221; single_overlay_opacity=&#8221;1&#8243; single_overlay_visible=&#8221;yes&#8221; single_overlay_anim=&#8221;no&#8221; single_text_anim=&#8221;no&#8221; single_image_coloration=&#8221;desaturated&#8221; single_image_color_anim=&#8221;yes&#8221; single_padding=&#8221;2&#8243; uncode_shortcode_id=&#8221;180678&#8243;][\/vc_column][\/vc_row]<\/p>\n<\/div>","protected":false},"excerpt":{"rendered":"<p>[vc_row row_height_percent=&#8221;0&#8243; override_padding=&#8221;yes&#8221; h_padding=&#8221;4&#8243; top_padding=&#8221;3&#8243; bottom_padding=&#8221;3&#8243; overlay_alpha=&#8221;100&#8243; gutter_size=&#8221;3&#8243; column_width_percent=&#8221;100&#8243; shift_y=&#8221;0&#8243; z_index=&#8221;0&#8243; content_parallax=&#8221;0&#8243; style=&#8221;inherited&#8221; uncode_shortcode_id=&#8221;764917&#8243;][vc_column column_width_use_pixel=&#8221;yes&#8221; gutter_size=&#8221;4&#8243; font_family=&#8221;font-555555&#8243; overlay_alpha=&#8221;100&#8243; shift_x=&#8221;0&#8243; shift_y=&#8221;0&#8243; [&hellip;]<\/p>\n","protected":false},"author":1,"featured_media":0,"parent":0,"menu_order":0,"comment_status":"closed","ping_status":"closed","template":"","meta":{"footnotes":""},"class_list":["post-605","page","type-page","status-publish","hentry"],"yoast_head":"<!-- This site is optimized with the Yoast SEO Premium plugin v27.4 (Yoast SEO v27.5) - https:\/\/yoast.com\/product\/yoast-seo-premium-wordpress\/ -->\n<title>Haqq\u0131m\u0131zda | 88 Creative | R\u0259q\u0259msal Reklam Agentliyi<\/title>\n<meta name=\"robots\" content=\"index, follow, max-snippet:-1, max-image-preview:large, max-video-preview:-1\" \/>\n<link rel=\"canonical\" href=\"https:\/\/www.88.com.tr\/az\/haqqimizda\/\" \/>\n<meta property=\"og:locale\" content=\"az_AZ\" \/>\n<meta property=\"og:type\" content=\"article\" \/>\n<meta property=\"og:title\" content=\"Haqq\u0131m\u0131zda\" \/>\n<meta property=\"og:description\" content=\"[vc_row row_height_percent=&#8221;0&#8243; override_padding=&#8221;yes&#8221; h_padding=&#8221;4&#8243; top_padding=&#8221;3&#8243; bottom_padding=&#8221;3&#8243; overlay_alpha=&#8221;100&#8243; gutter_size=&#8221;3&#8243; column_width_percent=&#8221;100&#8243; shift_y=&#8221;0&#8243; z_index=&#8221;0&#8243; content_parallax=&#8221;0&#8243; style=&#8221;inherited&#8221; uncode_shortcode_id=&#8221;764917&#8243;][vc_column column_width_use_pixel=&#8221;yes&#8221; gutter_size=&#8221;4&#8243; font_family=&#8221;font-555555&#8243; overlay_alpha=&#8221;100&#8243; shift_x=&#8221;0&#8243; shift_y=&#8221;0&#8243; [&hellip;]\" \/>\n<meta property=\"og:url\" content=\"https:\/\/www.88.com.tr\/az\/haqqimizda\/\" \/>\n<meta property=\"og:site_name\" content=\"88 Creative | R\u0259q\u0259msal Reklam Agentliyi\" \/>\n<meta property=\"article:publisher\" content=\"https:\/\/www.facebook.com\/88creative.agency\/\" \/>\n<meta property=\"article:modified_time\" content=\"2026-04-27T21:19:55+00:00\" \/>\n<meta property=\"og:image\" content=\"https:\/\/www.88.com.tr\/wp-content\/uploads\/2025\/10\/logo.png\" \/>\n\t<meta property=\"og:image:width\" content=\"250\" \/>\n\t<meta property=\"og:image:height\" content=\"178\" \/>\n\t<meta property=\"og:image:type\" content=\"image\/png\" \/>\n<meta name=\"twitter:card\" content=\"summary_large_image\" \/>\n<meta name=\"twitter:label1\" content=\"Est. reading time\" \/>\n\t<meta name=\"twitter:data1\" content=\"6 minutes\" \/>\n<script type=\"application\/ld+json\" class=\"yoast-schema-graph\">{\"@context\":\"https:\\\/\\\/schema.org\",\"@graph\":[{\"@type\":\"WebPage\",\"@id\":\"https:\\\/\\\/www.88.com.tr\\\/az\\\/haqqimizda\\\/\",\"url\":\"https:\\\/\\\/www.88.com.tr\\\/az\\\/haqqimizda\\\/\",\"name\":\"Haqq\u0131m\u0131zda | 88 Creative | R\u0259q\u0259msal Reklam Agentliyi\",\"isPartOf\":{\"@id\":\"https:\\\/\\\/www.88.com.tr\\\/#website\"},\"datePublished\":\"2025-04-29T19:40:06+00:00\",\"dateModified\":\"2026-04-27T21:19:55+00:00\",\"breadcrumb\":{\"@id\":\"https:\\\/\\\/www.88.com.tr\\\/az\\\/haqqimizda\\\/#breadcrumb\"},\"inLanguage\":\"az\",\"potentialAction\":[{\"@type\":\"ReadAction\",\"target\":[\"https:\\\/\\\/www.88.com.tr\\\/az\\\/haqqimizda\\\/\"]}]},{\"@type\":\"BreadcrumbList\",\"@id\":\"https:\\\/\\\/www.88.com.tr\\\/az\\\/haqqimizda\\\/#breadcrumb\",\"itemListElement\":[{\"@type\":\"ListItem\",\"position\":1,\"name\":\"Anasayfa\",\"item\":\"https:\\\/\\\/www.88.com.tr\\\/\"},{\"@type\":\"ListItem\",\"position\":2,\"name\":\"Haqq\u0131m\u0131zda\"}]},{\"@type\":\"WebSite\",\"@id\":\"https:\\\/\\\/www.88.com.tr\\\/#website\",\"url\":\"https:\\\/\\\/www.88.com.tr\\\/\",\"name\":\"88 Creative | R\u0259q\u0259msal Reklam Agentliyi\",\"description\":\"\",\"publisher\":{\"@id\":\"https:\\\/\\\/www.88.com.tr\\\/#organization\"},\"potentialAction\":[{\"@type\":\"SearchAction\",\"target\":{\"@type\":\"EntryPoint\",\"urlTemplate\":\"https:\\\/\\\/www.88.com.tr\\\/?s={search_term_string}\"},\"query-input\":{\"@type\":\"PropertyValueSpecification\",\"valueRequired\":true,\"valueName\":\"search_term_string\"}}],\"inLanguage\":\"az\"},{\"@type\":\"Organization\",\"@id\":\"https:\\\/\\\/www.88.com.tr\\\/#organization\",\"name\":\"88 Creative - Dijital Reklam Ajans\u0131\",\"url\":\"https:\\\/\\\/www.88.com.tr\\\/\",\"logo\":{\"@type\":\"ImageObject\",\"inLanguage\":\"az\",\"@id\":\"https:\\\/\\\/www.88.com.tr\\\/#\\\/schema\\\/logo\\\/image\\\/\",\"url\":\"https:\\\/\\\/www.88.com.tr\\\/wp-content\\\/uploads\\\/2025\\\/10\\\/logo.png\",\"contentUrl\":\"https:\\\/\\\/www.88.com.tr\\\/wp-content\\\/uploads\\\/2025\\\/10\\\/logo.png\",\"width\":250,\"height\":178,\"caption\":\"88 Creative - Dijital Reklam Ajans\u0131\"},\"image\":{\"@id\":\"https:\\\/\\\/www.88.com.tr\\\/#\\\/schema\\\/logo\\\/image\\\/\"},\"sameAs\":[\"https:\\\/\\\/www.facebook.com\\\/88creative.agency\\\/\",\"https:\\\/\\\/www.instagram.com\\\/88creative.agency\\\/\",\"https:\\\/\\\/tr.linkedin.com\\\/company\\\/88creative-agency\"]}]}<\/script>\n<!-- \/ Yoast SEO Premium plugin. -->","yoast_head_json":{"title":"Haqq\u0131m\u0131zda | 88 Creative | R\u0259q\u0259msal Reklam Agentliyi","robots":{"index":"index","follow":"follow","max-snippet":"max-snippet:-1","max-image-preview":"max-image-preview:large","max-video-preview":"max-video-preview:-1"},"canonical":"https:\/\/www.88.com.tr\/az\/haqqimizda\/","og_locale":"az_AZ","og_type":"article","og_title":"Haqq\u0131m\u0131zda","og_description":"[vc_row row_height_percent=&#8221;0&#8243; override_padding=&#8221;yes&#8221; h_padding=&#8221;4&#8243; top_padding=&#8221;3&#8243; bottom_padding=&#8221;3&#8243; overlay_alpha=&#8221;100&#8243; gutter_size=&#8221;3&#8243; column_width_percent=&#8221;100&#8243; shift_y=&#8221;0&#8243; z_index=&#8221;0&#8243; content_parallax=&#8221;0&#8243; style=&#8221;inherited&#8221; uncode_shortcode_id=&#8221;764917&#8243;][vc_column column_width_use_pixel=&#8221;yes&#8221; gutter_size=&#8221;4&#8243; font_family=&#8221;font-555555&#8243; overlay_alpha=&#8221;100&#8243; shift_x=&#8221;0&#8243; shift_y=&#8221;0&#8243; [&hellip;]","og_url":"https:\/\/www.88.com.tr\/az\/haqqimizda\/","og_site_name":"88 Creative | R\u0259q\u0259msal Reklam Agentliyi","article_publisher":"https:\/\/www.facebook.com\/88creative.agency\/","article_modified_time":"2026-04-27T21:19:55+00:00","og_image":[{"width":250,"height":178,"url":"https:\/\/www.88.com.tr\/wp-content\/uploads\/2025\/10\/logo.png","type":"image\/png"}],"twitter_card":"summary_large_image","twitter_misc":{"Est. reading time":"6 minutes"},"schema":{"@context":"https:\/\/schema.org","@graph":[{"@type":"WebPage","@id":"https:\/\/www.88.com.tr\/az\/haqqimizda\/","url":"https:\/\/www.88.com.tr\/az\/haqqimizda\/","name":"Haqq\u0131m\u0131zda | 88 Creative | R\u0259q\u0259msal Reklam Agentliyi","isPartOf":{"@id":"https:\/\/www.88.com.tr\/#website"},"datePublished":"2025-04-29T19:40:06+00:00","dateModified":"2026-04-27T21:19:55+00:00","breadcrumb":{"@id":"https:\/\/www.88.com.tr\/az\/haqqimizda\/#breadcrumb"},"inLanguage":"az","potentialAction":[{"@type":"ReadAction","target":["https:\/\/www.88.com.tr\/az\/haqqimizda\/"]}]},{"@type":"BreadcrumbList","@id":"https:\/\/www.88.com.tr\/az\/haqqimizda\/#breadcrumb","itemListElement":[{"@type":"ListItem","position":1,"name":"Anasayfa","item":"https:\/\/www.88.com.tr\/"},{"@type":"ListItem","position":2,"name":"Haqq\u0131m\u0131zda"}]},{"@type":"WebSite","@id":"https:\/\/www.88.com.tr\/#website","url":"https:\/\/www.88.com.tr\/","name":"88 Creative | R\u0259q\u0259msal Reklam Agentliyi","description":"","publisher":{"@id":"https:\/\/www.88.com.tr\/#organization"},"potentialAction":[{"@type":"SearchAction","target":{"@type":"EntryPoint","urlTemplate":"https:\/\/www.88.com.tr\/?s={search_term_string}"},"query-input":{"@type":"PropertyValueSpecification","valueRequired":true,"valueName":"search_term_string"}}],"inLanguage":"az"},{"@type":"Organization","@id":"https:\/\/www.88.com.tr\/#organization","name":"88 Creative - Dijital Reklam Ajans\u0131","url":"https:\/\/www.88.com.tr\/","logo":{"@type":"ImageObject","inLanguage":"az","@id":"https:\/\/www.88.com.tr\/#\/schema\/logo\/image\/","url":"https:\/\/www.88.com.tr\/wp-content\/uploads\/2025\/10\/logo.png","contentUrl":"https:\/\/www.88.com.tr\/wp-content\/uploads\/2025\/10\/logo.png","width":250,"height":178,"caption":"88 Creative - Dijital Reklam Ajans\u0131"},"image":{"@id":"https:\/\/www.88.com.tr\/#\/schema\/logo\/image\/"},"sameAs":["https:\/\/www.facebook.com\/88creative.agency\/","https:\/\/www.instagram.com\/88creative.agency\/","https:\/\/tr.linkedin.com\/company\/88creative-agency"]}]}},"_links":{"self":[{"href":"https:\/\/www.88.com.tr\/az\/wp-json\/wp\/v2\/pages\/605","targetHints":{"allow":["GET"]}}],"collection":[{"href":"https:\/\/www.88.com.tr\/az\/wp-json\/wp\/v2\/pages"}],"about":[{"href":"https:\/\/www.88.com.tr\/az\/wp-json\/wp\/v2\/types\/page"}],"author":[{"embeddable":true,"href":"https:\/\/www.88.com.tr\/az\/wp-json\/wp\/v2\/users\/1"}],"replies":[{"embeddable":true,"href":"https:\/\/www.88.com.tr\/az\/wp-json\/wp\/v2\/comments?post=605"}],"version-history":[{"count":0,"href":"https:\/\/www.88.com.tr\/az\/wp-json\/wp\/v2\/pages\/605\/revisions"}],"wp:attachment":[{"href":"https:\/\/www.88.com.tr\/az\/wp-json\/wp\/v2\/media?parent=605"}],"curies":[{"name":"wp","href":"https:\/\/api.w.org\/{rel}","templated":true}]}}