{"id":608,"date":"2025-04-30T19:55:07","date_gmt":"2025-04-30T16:55:07","guid":{"rendered":"https:\/\/www.88.com.tr\/karyera\/"},"modified":"2025-05-06T00:56:51","modified_gmt":"2025-05-05T21:56:51","slug":"karyera","status":"publish","type":"page","link":"https:\/\/www.88.com.tr\/az\/karyera\/","title":{"rendered":"Karyera"},"content":{"rendered":"<div class=\"wpb-content-wrapper\"><p>[vc_row unlock_row_content=&#8221;yes&#8221; row_height_percent=&#8221;0&#8243; override_padding=&#8221;yes&#8221; h_padding=&#8221;0&#8243; top_padding=&#8221;0&#8243; bottom_padding=&#8221;0&#8243; overlay_alpha=&#8221;100&#8243; gutter_size=&#8221;0&#8243; column_width_percent=&#8221;100&#8243; shift_y=&#8221;0&#8243; z_index=&#8221;0&#8243; content_parallax=&#8221;0&#8243; style=&#8221;inherited&#8221; uncode_shortcode_id=&#8221;145960&#8243;][vc_column column_width_percent=&#8221;100&#8243; gutter_size=&#8221;3&#8243; override_padding=&#8221;yes&#8221; column_padding=&#8221;5&#8243; overlay_alpha=&#8221;100&#8243; shift_x=&#8221;0&#8243; shift_y=&#8221;0&#8243; medium_width=&#8221;0&#8243; zoom_width=&#8221;0&#8243; zoom_height=&#8221;0&#8243; width=&#8221;1\/3&#8243;][vc_custom_heading heading_semantic=&#8221;h3&#8243; text_size=&#8221;h3&#8243; text_weight=&#8221;700&#8243; text_align=&#8221;text-left&#8221; text_uppercase=&#8221;&#8221; uncode_shortcode_id=&#8221;119580&#8243;]O S\u018fNS\u018fN![\/vc_custom_heading][vc_separator sep_color=&#8221;,Default&#8221;][vc_column_text uncode_shortcode_id=&#8221;213300&#8243;]Biz \u0259n yax\u015f\u0131s\u0131n\u0131 axtar\u0131r\u0131q.<br \/>\nBiz sizi axtar\u0131r\u0131q.<\/p>\n<p>info@88.com.tr<br \/>\n+90 543 880 25 88[\/vc_column_text][\/vc_column][vc_column column_width_percent=&#8221;100&#8243; position_horizontal=&#8221;left&#8221; gutter_size=&#8221;3&#8243; override_padding=&#8221;yes&#8221; column_padding=&#8221;5&#8243; back_color=&#8221;color-lxmt&#8221; overlay_alpha=&#8221;100&#8243; shift_x=&#8221;0&#8243; shift_y=&#8221;0&#8243; medium_width=&#8221;0&#8243; zoom_width=&#8221;0&#8243; zoom_height=&#8221;0&#8243; width=&#8221;2\/3&#8243;][vc_custom_heading heading_semantic=&#8221;h3&#8243; text_size=&#8221;h3&#8243; text_weight=&#8221;700&#8243; text_transform=&#8221;uppercase&#8221; text_align=&#8221;text-left&#8221;]B\u0130Z\u018f QO\u015eULUN[\/vc_custom_heading][vc_separator sep_color=&#8221;,Default&#8221;]<p class=\"wpcf7-contact-form-not-found\"><strong>Error:<\/strong> Contact form not found.<\/p>[\/vc_column][\/vc_row]<\/p>\n<\/div>","protected":false},"excerpt":{"rendered":"<p>[vc_row unlock_row_content=&#8221;yes&#8221; row_height_percent=&#8221;0&#8243; override_padding=&#8221;yes&#8221; h_padding=&#8221;0&#8243; top_padding=&#8221;0&#8243; bottom_padding=&#8221;0&#8243; overlay_alpha=&#8221;100&#8243; gutter_size=&#8221;0&#8243; column_width_percent=&#8221;100&#8243; shift_y=&#8221;0&#8243; z_index=&#8221;0&#8243; content_parallax=&#8221;0&#8243; style=&#8221;inherited&#8221; uncode_shortcode_id=&#8221;145960&#8243;][vc_column column_width_percent=&#8221;100&#8243; gutter_size=&#8221;3&#8243; override_padding=&#8221;yes&#8221; column_padding=&#8221;5&#8243; overlay_alpha=&#8221;100&#8243; [&hellip;]<\/p>\n","protected":false},"author":1,"featured_media":0,"parent":0,"menu_order":0,"comment_status":"closed","ping_status":"closed","template":"","meta":{"footnotes":""},"class_list":["post-608","page","type-page","status-publish","hentry"],"yoast_head":"<!-- This site is optimized with the Yoast SEO Premium plugin v27.4 (Yoast SEO v27.5) - https:\/\/yoast.com\/product\/yoast-seo-premium-wordpress\/ -->\n<title>Karyera | 88 Creative | R\u0259q\u0259msal Reklam Agentliyi<\/title>\n<meta name=\"robots\" content=\"index, follow, max-snippet:-1, max-image-preview:large, max-video-preview:-1\" \/>\n<link rel=\"canonical\" href=\"https:\/\/www.88.com.tr\/kariyer\/\" \/>\n<meta property=\"og:locale\" content=\"az_AZ\" \/>\n<meta property=\"og:type\" content=\"article\" \/>\n<meta property=\"og:title\" content=\"Karyera\" \/>\n<meta property=\"og:description\" content=\"[vc_row unlock_row_content=&#8221;yes&#8221; row_height_percent=&#8221;0&#8243; override_padding=&#8221;yes&#8221; h_padding=&#8221;0&#8243; top_padding=&#8221;0&#8243; bottom_padding=&#8221;0&#8243; overlay_alpha=&#8221;100&#8243; gutter_size=&#8221;0&#8243; column_width_percent=&#8221;100&#8243; shift_y=&#8221;0&#8243; z_index=&#8221;0&#8243; content_parallax=&#8221;0&#8243; style=&#8221;inherited&#8221; uncode_shortcode_id=&#8221;145960&#8243;][vc_column column_width_percent=&#8221;100&#8243; gutter_size=&#8221;3&#8243; override_padding=&#8221;yes&#8221; column_padding=&#8221;5&#8243; overlay_alpha=&#8221;100&#8243; [&hellip;]\" \/>\n<meta property=\"og:url\" content=\"https:\/\/www.88.com.tr\/kariyer\/\" \/>\n<meta property=\"og:site_name\" content=\"88 Creative | R\u0259q\u0259msal Reklam Agentliyi\" \/>\n<meta property=\"article:publisher\" content=\"https:\/\/www.facebook.com\/88creative.agency\/\" \/>\n<meta property=\"article:modified_time\" content=\"2025-05-05T21:56:51+00:00\" \/>\n<meta property=\"og:image\" content=\"https:\/\/www.88.com.tr\/wp-content\/uploads\/2025\/10\/logo.png\" \/>\n\t<meta property=\"og:image:width\" content=\"250\" \/>\n\t<meta property=\"og:image:height\" content=\"178\" \/>\n\t<meta property=\"og:image:type\" content=\"image\/png\" \/>\n<meta name=\"twitter:card\" content=\"summary_large_image\" \/>\n<meta name=\"twitter:label1\" content=\"Est. reading time\" \/>\n\t<meta name=\"twitter:data1\" content=\"1 minute\" \/>\n<script type=\"application\/ld+json\" class=\"yoast-schema-graph\">{\"@context\":\"https:\\\/\\\/schema.org\",\"@graph\":[{\"@type\":\"WebPage\",\"@id\":\"https:\\\/\\\/www.88.com.tr\\\/kariyer\\\/\",\"url\":\"https:\\\/\\\/www.88.com.tr\\\/kariyer\\\/\",\"name\":\"Karyera | 88 Creative | R\u0259q\u0259msal Reklam Agentliyi\",\"isPartOf\":{\"@id\":\"https:\\\/\\\/www.88.com.tr\\\/#website\"},\"datePublished\":\"2025-04-30T16:55:07+00:00\",\"dateModified\":\"2025-05-05T21:56:51+00:00\",\"breadcrumb\":{\"@id\":\"https:\\\/\\\/www.88.com.tr\\\/kariyer\\\/#breadcrumb\"},\"inLanguage\":\"az\",\"potentialAction\":[{\"@type\":\"ReadAction\",\"target\":[\"https:\\\/\\\/www.88.com.tr\\\/kariyer\\\/\"]}]},{\"@type\":\"BreadcrumbList\",\"@id\":\"https:\\\/\\\/www.88.com.tr\\\/kariyer\\\/#breadcrumb\",\"itemListElement\":[{\"@type\":\"ListItem\",\"position\":1,\"name\":\"Anasayfa\",\"item\":\"https:\\\/\\\/www.88.com.tr\\\/\"},{\"@type\":\"ListItem\",\"position\":2,\"name\":\"Karyera\"}]},{\"@type\":\"WebSite\",\"@id\":\"https:\\\/\\\/www.88.com.tr\\\/#website\",\"url\":\"https:\\\/\\\/www.88.com.tr\\\/\",\"name\":\"88 Creative | R\u0259q\u0259msal Reklam Agentliyi\",\"description\":\"\",\"publisher\":{\"@id\":\"https:\\\/\\\/www.88.com.tr\\\/#organization\"},\"potentialAction\":[{\"@type\":\"SearchAction\",\"target\":{\"@type\":\"EntryPoint\",\"urlTemplate\":\"https:\\\/\\\/www.88.com.tr\\\/?s={search_term_string}\"},\"query-input\":{\"@type\":\"PropertyValueSpecification\",\"valueRequired\":true,\"valueName\":\"search_term_string\"}}],\"inLanguage\":\"az\"},{\"@type\":\"Organization\",\"@id\":\"https:\\\/\\\/www.88.com.tr\\\/#organization\",\"name\":\"88 Creative - Dijital Reklam Ajans\u0131\",\"url\":\"https:\\\/\\\/www.88.com.tr\\\/\",\"logo\":{\"@type\":\"ImageObject\",\"inLanguage\":\"az\",\"@id\":\"https:\\\/\\\/www.88.com.tr\\\/#\\\/schema\\\/logo\\\/image\\\/\",\"url\":\"https:\\\/\\\/www.88.com.tr\\\/wp-content\\\/uploads\\\/2025\\\/10\\\/logo.png\",\"contentUrl\":\"https:\\\/\\\/www.88.com.tr\\\/wp-content\\\/uploads\\\/2025\\\/10\\\/logo.png\",\"width\":250,\"height\":178,\"caption\":\"88 Creative - Dijital Reklam Ajans\u0131\"},\"image\":{\"@id\":\"https:\\\/\\\/www.88.com.tr\\\/#\\\/schema\\\/logo\\\/image\\\/\"},\"sameAs\":[\"https:\\\/\\\/www.facebook.com\\\/88creative.agency\\\/\",\"https:\\\/\\\/www.instagram.com\\\/88creative.agency\\\/\",\"https:\\\/\\\/tr.linkedin.com\\\/company\\\/88creative-agency\"]}]}<\/script>\n<!-- \/ Yoast SEO Premium plugin. -->","yoast_head_json":{"title":"Karyera | 88 Creative | R\u0259q\u0259msal Reklam Agentliyi","robots":{"index":"index","follow":"follow","max-snippet":"max-snippet:-1","max-image-preview":"max-image-preview:large","max-video-preview":"max-video-preview:-1"},"canonical":"https:\/\/www.88.com.tr\/kariyer\/","og_locale":"az_AZ","og_type":"article","og_title":"Karyera","og_description":"[vc_row unlock_row_content=&#8221;yes&#8221; row_height_percent=&#8221;0&#8243; override_padding=&#8221;yes&#8221; h_padding=&#8221;0&#8243; top_padding=&#8221;0&#8243; bottom_padding=&#8221;0&#8243; overlay_alpha=&#8221;100&#8243; gutter_size=&#8221;0&#8243; column_width_percent=&#8221;100&#8243; shift_y=&#8221;0&#8243; z_index=&#8221;0&#8243; content_parallax=&#8221;0&#8243; style=&#8221;inherited&#8221; uncode_shortcode_id=&#8221;145960&#8243;][vc_column column_width_percent=&#8221;100&#8243; gutter_size=&#8221;3&#8243; override_padding=&#8221;yes&#8221; column_padding=&#8221;5&#8243; overlay_alpha=&#8221;100&#8243; [&hellip;]","og_url":"https:\/\/www.88.com.tr\/kariyer\/","og_site_name":"88 Creative | R\u0259q\u0259msal Reklam Agentliyi","article_publisher":"https:\/\/www.facebook.com\/88creative.agency\/","article_modified_time":"2025-05-05T21:56:51+00:00","og_image":[{"width":250,"height":178,"url":"https:\/\/www.88.com.tr\/wp-content\/uploads\/2025\/10\/logo.png","type":"image\/png"}],"twitter_card":"summary_large_image","twitter_misc":{"Est. reading time":"1 minute"},"schema":{"@context":"https:\/\/schema.org","@graph":[{"@type":"WebPage","@id":"https:\/\/www.88.com.tr\/kariyer\/","url":"https:\/\/www.88.com.tr\/kariyer\/","name":"Karyera | 88 Creative | R\u0259q\u0259msal Reklam Agentliyi","isPartOf":{"@id":"https:\/\/www.88.com.tr\/#website"},"datePublished":"2025-04-30T16:55:07+00:00","dateModified":"2025-05-05T21:56:51+00:00","breadcrumb":{"@id":"https:\/\/www.88.com.tr\/kariyer\/#breadcrumb"},"inLanguage":"az","potentialAction":[{"@type":"ReadAction","target":["https:\/\/www.88.com.tr\/kariyer\/"]}]},{"@type":"BreadcrumbList","@id":"https:\/\/www.88.com.tr\/kariyer\/#breadcrumb","itemListElement":[{"@type":"ListItem","position":1,"name":"Anasayfa","item":"https:\/\/www.88.com.tr\/"},{"@type":"ListItem","position":2,"name":"Karyera"}]},{"@type":"WebSite","@id":"https:\/\/www.88.com.tr\/#website","url":"https:\/\/www.88.com.tr\/","name":"88 Creative | R\u0259q\u0259msal Reklam Agentliyi","description":"","publisher":{"@id":"https:\/\/www.88.com.tr\/#organization"},"potentialAction":[{"@type":"SearchAction","target":{"@type":"EntryPoint","urlTemplate":"https:\/\/www.88.com.tr\/?s={search_term_string}"},"query-input":{"@type":"PropertyValueSpecification","valueRequired":true,"valueName":"search_term_string"}}],"inLanguage":"az"},{"@type":"Organization","@id":"https:\/\/www.88.com.tr\/#organization","name":"88 Creative - Dijital Reklam Ajans\u0131","url":"https:\/\/www.88.com.tr\/","logo":{"@type":"ImageObject","inLanguage":"az","@id":"https:\/\/www.88.com.tr\/#\/schema\/logo\/image\/","url":"https:\/\/www.88.com.tr\/wp-content\/uploads\/2025\/10\/logo.png","contentUrl":"https:\/\/www.88.com.tr\/wp-content\/uploads\/2025\/10\/logo.png","width":250,"height":178,"caption":"88 Creative - Dijital Reklam Ajans\u0131"},"image":{"@id":"https:\/\/www.88.com.tr\/#\/schema\/logo\/image\/"},"sameAs":["https:\/\/www.facebook.com\/88creative.agency\/","https:\/\/www.instagram.com\/88creative.agency\/","https:\/\/tr.linkedin.com\/company\/88creative-agency"]}]}},"_links":{"self":[{"href":"https:\/\/www.88.com.tr\/az\/wp-json\/wp\/v2\/pages\/608","targetHints":{"allow":["GET"]}}],"collection":[{"href":"https:\/\/www.88.com.tr\/az\/wp-json\/wp\/v2\/pages"}],"about":[{"href":"https:\/\/www.88.com.tr\/az\/wp-json\/wp\/v2\/types\/page"}],"author":[{"embeddable":true,"href":"https:\/\/www.88.com.tr\/az\/wp-json\/wp\/v2\/users\/1"}],"replies":[{"embeddable":true,"href":"https:\/\/www.88.com.tr\/az\/wp-json\/wp\/v2\/comments?post=608"}],"version-history":[{"count":0,"href":"https:\/\/www.88.com.tr\/az\/wp-json\/wp\/v2\/pages\/608\/revisions"}],"wp:attachment":[{"href":"https:\/\/www.88.com.tr\/az\/wp-json\/wp\/v2\/media?parent=608"}],"curies":[{"name":"wp","href":"https:\/\/api.w.org\/{rel}","templated":true}]}}