{"id":611,"date":"2025-04-30T00:02:45","date_gmt":"2025-04-29T21:02:45","guid":{"rendered":"https:\/\/www.88.com.tr\/xidm%c9%99tl%c9%99rimiz\/"},"modified":"2025-10-02T01:56:21","modified_gmt":"2025-10-01T22:56:21","slug":"xidm%c9%99tl%c9%99rimiz","status":"publish","type":"page","link":"https:\/\/www.88.com.tr\/az\/xidm%c9%99tl%c9%99rimiz\/","title":{"rendered":"Xidm\u0259tl\u0259rimiz"},"content":{"rendered":"<div class=\"wpb-content-wrapper\"><p>[vc_row row_height_percent=&#8221;0&#8243; override_padding=&#8221;yes&#8221; h_padding=&#8221;4&#8243; top_padding=&#8221;3&#8243; bottom_padding=&#8221;3&#8243; overlay_alpha=&#8221;100&#8243; gutter_size=&#8221;100&#8243; column_width_percent=&#8221;100&#8243; shift_y=&#8221;0&#8243; z_index=&#8221;0&#8243; style=&#8221;inherited&#8221; uncode_shortcode_id=&#8221;787091&#8243;][vc_column column_width_use_pixel=&#8221;yes&#8221; align_horizontal=&#8221;align_center&#8221; gutter_size=&#8221;4&#8243; font_family=&#8221;font-555555&#8243; overlay_alpha=&#8221;100&#8243; shift_x=&#8221;0&#8243; shift_y=&#8221;0&#8243; shift_y_down=&#8221;0&#8243; z_index=&#8221;0&#8243; medium_width=&#8221;0&#8243; mobile_width=&#8221;0&#8243; zoom_width=&#8221;0&#8243; zoom_height=&#8221;0&#8243; width=&#8221;1\/1&#8243; uncode_shortcode_id=&#8221;676935&#8243;][vc_column_text uncode_shortcode_id=&#8221;103333&#8243;]Sosial median\u0131n g\u00fcc\u00fcn\u00fc kreativ m\u0259zmun, d\u00fczg\u00fcn strategiya v\u0259 effektiv kommunikasiya il\u0259 birl\u0259\u015fdir\u0259r\u0259k, m\u00fc\u015ft\u0259ril\u0259rimizin brend \u015f\u00fcurunu art\u0131rma\u011f\u0131 v\u0259 onlar\u0131n h\u0259d\u0259f auditoriyalar\u0131 il\u0259 m\u00f6hk\u0259m ba\u011flar qurmalar\u0131n\u0131 t\u0259min etm\u0259yi h\u0259d\u0259fl\u0259yirik.<\/p>\n<p>B\u00fct\u00fcn \u00fcnsiyy\u0259t s\u0259yl\u0259rinizin g\u00fccl\u00fc \u0259m\u0259kda\u015fl\u0131q olmas\u0131 \u00fc\u00e7\u00fcn biz ilk n\u00f6vb\u0259d\u0259 strategiya haz\u0131rlay\u0131r v\u0259 h\u0259d\u0259fl\u0259diyiniz r\u0259y\u0259 nail olmaq \u00fc\u00e7\u00fcn sosial media plan\u0131n\u0131z\u0131 t\u0259min edirik.[\/vc_column_text][\/vc_column][\/vc_row][vc_row unlock_row_content=&#8221;yes&#8221; row_height_percent=&#8221;0&#8243; override_padding=&#8221;yes&#8221; h_padding=&#8221;2&#8243; top_padding=&#8221;3&#8243; bottom_padding=&#8221;3&#8243; back_color=&#8221;accent&#8221; overlay_alpha=&#8221;100&#8243; gutter_size=&#8221;100&#8243; column_width_percent=&#8221;100&#8243; shift_y=&#8221;0&#8243; z_index=&#8221;0&#8243; content_parallax=&#8221;0&#8243; shift_y_down=&#8221;0&#8243; style=&#8221;inherited&#8221; uncode_shortcode_id=&#8221;159727&#8243; back_color_type=&#8221;uncode-palette&#8221;][vc_column column_width_percent=&#8221;90&#8243; position_vertical=&#8221;middle&#8221; align_horizontal=&#8221;align_center&#8221; gutter_size=&#8221;4&#8243; override_padding=&#8221;yes&#8221; column_padding=&#8221;3&#8243; style=&#8221;dark&#8221; overlay_alpha=&#8221;100&#8243; shift_x=&#8221;0&#8243; shift_y=&#8221;0&#8243; shift_y_down=&#8221;0&#8243; z_index=&#8221;0&#8243; medium_width=&#8221;0&#8243; mobile_width=&#8221;0&#8243; zoom_width=&#8221;0&#8243; zoom_height=&#8221;0&#8243; width=&#8221;1\/1&#8243; uncode_shortcode_id=&#8221;158776&#8243;][vc_custom_heading text_font=&#8221;font-555555&#8243; text_size=&#8221;custom&#8221; text_space=&#8221;fontspace-936796&#8243; uncode_shortcode_id=&#8221;987163&#8243; heading_custom_size=&#8221;15px&#8221;]X\u0130DM\u018fTL\u018fR\u0130M\u0130Z[\/vc_custom_heading][vc_row_inner row_inner_height_percent=&#8221;0&#8243; overlay_alpha=&#8221;100&#8243; gutter_size=&#8221;4&#8243; shift_y=&#8221;0&#8243; z_index=&#8221;0&#8243; limit_content=&#8221;&#8221; uncode_shortcode_id=&#8221;169281&#8243; css=&#8221;.vc_custom_1732410691364{margin-top: 50px !important;}&#8221;][vc_column_inner column_width_percent=&#8221;100&#8243; align_horizontal=&#8221;align_center&#8221; gutter_size=&#8221;3&#8243; style=&#8221;dark&#8221; overlay_alpha=&#8221;50&#8243; shift_x=&#8221;0&#8243; shift_y=&#8221;0&#8243; shift_y_down=&#8221;0&#8243; z_index=&#8221;0&#8243; medium_width=&#8221;3&#8243; mobile_width=&#8221;7&#8243; width=&#8221;1\/3&#8243; uncode_shortcode_id=&#8221;180749&#8243;][vc_icon icon=&#8221;fa fa-megaphone&#8221; size=&#8221;fa-3x&#8221; heading_semantic=&#8221;h6&#8243; text_font=&#8221;font-555555&#8243; text_size=&#8221;fontsize-568135&#8243; css_animation=&#8221;zoom-out&#8221; animation_delay=&#8221;300&#8243; title=&#8221;SOS\u0130AL MED\u0130A \u0130DAR\u018fETM\u018fS\u0130&#8221; uncode_shortcode_id=&#8221;131741&#8243;][\/vc_icon][\/vc_column_inner][vc_column_inner column_width_percent=&#8221;100&#8243; align_horizontal=&#8221;align_center&#8221; gutter_size=&#8221;3&#8243; style=&#8221;dark&#8221; overlay_alpha=&#8221;50&#8243; shift_x=&#8221;0&#8243; shift_y=&#8221;0&#8243; shift_y_down=&#8221;0&#8243; z_index=&#8221;0&#8243; medium_width=&#8221;2&#8243; mobile_width=&#8221;7&#8243; width=&#8221;1\/3&#8243; uncode_shortcode_id=&#8221;357156&#8243;][vc_icon icon=&#8221;fa fa-tools&#8221; size=&#8221;fa-3x&#8221; heading_semantic=&#8221;h6&#8243; text_font=&#8221;font-555555&#8243; text_size=&#8221;fontsize-568135&#8243; css_animation=&#8221;zoom-out&#8221; animation_delay=&#8221;300&#8243; title=&#8221;YARADICI&#8221; uncode_shortcode_id=&#8221;501159&#8243;][\/vc_icon][\/vc_column_inner][vc_column_inner column_width_percent=&#8221;100&#8243; align_horizontal=&#8221;align_center&#8221; gutter_size=&#8221;3&#8243; style=&#8221;dark&#8221; overlay_alpha=&#8221;50&#8243; shift_x=&#8221;0&#8243; shift_y=&#8221;0&#8243; shift_y_down=&#8221;0&#8243; z_index=&#8221;0&#8243; medium_width=&#8221;2&#8243; mobile_width=&#8221;7&#8243; width=&#8221;1\/3&#8243; uncode_shortcode_id=&#8221;183447&#8243;][vc_icon icon=&#8221;fa fa-trophy2&#8243; size=&#8221;fa-3x&#8221; heading_semantic=&#8221;h6&#8243; text_font=&#8221;font-555555&#8243; text_size=&#8221;fontsize-568135&#8243; css_animation=&#8221;zoom-out&#8221; animation_delay=&#8221;200&#8243; title=&#8221;BREND\u0130NQ&#8221; uncode_shortcode_id=&#8221;613806&#8243;][\/vc_icon][\/vc_column_inner][\/vc_row_inner][vc_empty_space empty_h=&#8221;3&#8243; mobile_visibility=&#8221;yes&#8221;][vc_row_inner row_inner_height_percent=&#8221;0&#8243; overlay_alpha=&#8221;100&#8243; gutter_size=&#8221;4&#8243; shift_y=&#8221;0&#8243; z_index=&#8221;0&#8243; limit_content=&#8221;&#8221; uncode_shortcode_id=&#8221;137013&#8243;][vc_column_inner column_width_percent=&#8221;100&#8243; align_horizontal=&#8221;align_center&#8221; gutter_size=&#8221;3&#8243; style=&#8221;dark&#8221; overlay_alpha=&#8221;50&#8243; shift_x=&#8221;0&#8243; shift_y=&#8221;0&#8243; shift_y_down=&#8221;0&#8243; z_index=&#8221;0&#8243; medium_width=&#8221;2&#8243; mobile_width=&#8221;7&#8243; width=&#8221;1\/3&#8243; uncode_shortcode_id=&#8221;178941&#8243;][vc_icon icon=&#8221;fa fa-laptop2&#8243; size=&#8221;fa-3x&#8221; heading_semantic=&#8221;h6&#8243; text_font=&#8221;font-555555&#8243; text_size=&#8221;fontsize-568135&#8243; css_animation=&#8221;zoom-out&#8221; animation_delay=&#8221;300&#8243; title=&#8221;WEB D\u0130ZAYN&#8221; uncode_shortcode_id=&#8221;930002&#8243;][\/vc_icon][\/vc_column_inner][vc_column_inner column_width_percent=&#8221;100&#8243; align_horizontal=&#8221;align_center&#8221; gutter_size=&#8221;3&#8243; style=&#8221;dark&#8221; overlay_alpha=&#8221;50&#8243; shift_x=&#8221;0&#8243; shift_y=&#8221;0&#8243; shift_y_down=&#8221;0&#8243; z_index=&#8221;0&#8243; medium_width=&#8221;2&#8243; mobile_width=&#8221;7&#8243; width=&#8221;1\/3&#8243; uncode_shortcode_id=&#8221;213957&#8243;][vc_icon icon=&#8221;fa fa-camera-video&#8221; size=&#8221;fa-3x&#8221; heading_semantic=&#8221;h6&#8243; text_font=&#8221;font-555555&#8243; text_size=&#8221;fontsize-568135&#8243; css_animation=&#8221;zoom-out&#8221; animation_delay=&#8221;200&#8243; title=&#8221;V\u0130DEO \u0130STEHSALI&#8221; uncode_shortcode_id=&#8221;183931&#8243;][\/vc_icon][\/vc_column_inner][vc_column_inner column_width_percent=&#8221;100&#8243; align_horizontal=&#8221;align_center&#8221; gutter_size=&#8221;3&#8243; style=&#8221;dark&#8221; overlay_alpha=&#8221;50&#8243; shift_x=&#8221;0&#8243; shift_y=&#8221;0&#8243; shift_y_down=&#8221;0&#8243; z_index=&#8221;0&#8243; medium_width=&#8221;2&#8243; mobile_width=&#8221;7&#8243; width=&#8221;1\/3&#8243; uncode_shortcode_id=&#8221;156667&#8243;][vc_icon icon=&#8221;fa fa-camera2&#8243; size=&#8221;fa-3x&#8221; heading_semantic=&#8221;h6&#8243; text_font=&#8221;font-555555&#8243; text_size=&#8221;fontsize-568135&#8243; css_animation=&#8221;zoom-out&#8221; animation_delay=&#8221;300&#8243; title=&#8221;FOTO \u00c7\u018fKL\u0130\u015e&#8221; uncode_shortcode_id=&#8221;458241&#8243;][\/vc_icon][\/vc_column_inner][\/vc_row_inner][\/vc_column][\/vc_row]<\/p>\n<\/div>","protected":false},"excerpt":{"rendered":"<p>[vc_row row_height_percent=&#8221;0&#8243; override_padding=&#8221;yes&#8221; h_padding=&#8221;4&#8243; top_padding=&#8221;3&#8243; bottom_padding=&#8221;3&#8243; overlay_alpha=&#8221;100&#8243; gutter_size=&#8221;100&#8243; column_width_percent=&#8221;100&#8243; shift_y=&#8221;0&#8243; z_index=&#8221;0&#8243; style=&#8221;inherited&#8221; uncode_shortcode_id=&#8221;787091&#8243;][vc_column column_width_use_pixel=&#8221;yes&#8221; align_horizontal=&#8221;align_center&#8221; gutter_size=&#8221;4&#8243; font_family=&#8221;font-555555&#8243; overlay_alpha=&#8221;100&#8243; shift_x=&#8221;0&#8243; shift_y=&#8221;0&#8243; [&hellip;]<\/p>\n","protected":false},"author":1,"featured_media":0,"parent":0,"menu_order":0,"comment_status":"closed","ping_status":"closed","template":"","meta":{"footnotes":""},"class_list":["post-611","page","type-page","status-publish","hentry"],"yoast_head":"<!-- This site is optimized with the Yoast SEO Premium plugin v27.4 (Yoast SEO v27.5) - https:\/\/yoast.com\/product\/yoast-seo-premium-wordpress\/ -->\n<title>Xidm\u0259tl\u0259rimiz | 88 Creative | R\u0259q\u0259msal Reklam Agentliyi<\/title>\n<meta name=\"robots\" content=\"index, follow, max-snippet:-1, max-image-preview:large, max-video-preview:-1\" \/>\n<link rel=\"canonical\" href=\"https:\/\/www.88.com.tr\/hizmetlerimiz\/\" \/>\n<meta property=\"og:locale\" content=\"az_AZ\" \/>\n<meta property=\"og:type\" content=\"article\" \/>\n<meta property=\"og:title\" content=\"Xidm\u0259tl\u0259rimiz\" \/>\n<meta property=\"og:description\" content=\"[vc_row row_height_percent=&#8221;0&#8243; override_padding=&#8221;yes&#8221; h_padding=&#8221;4&#8243; top_padding=&#8221;3&#8243; bottom_padding=&#8221;3&#8243; overlay_alpha=&#8221;100&#8243; gutter_size=&#8221;100&#8243; column_width_percent=&#8221;100&#8243; shift_y=&#8221;0&#8243; z_index=&#8221;0&#8243; style=&#8221;inherited&#8221; uncode_shortcode_id=&#8221;787091&#8243;][vc_column column_width_use_pixel=&#8221;yes&#8221; align_horizontal=&#8221;align_center&#8221; gutter_size=&#8221;4&#8243; font_family=&#8221;font-555555&#8243; overlay_alpha=&#8221;100&#8243; shift_x=&#8221;0&#8243; shift_y=&#8221;0&#8243; [&hellip;]\" \/>\n<meta property=\"og:url\" content=\"https:\/\/www.88.com.tr\/hizmetlerimiz\/\" \/>\n<meta property=\"og:site_name\" content=\"88 Creative | R\u0259q\u0259msal Reklam Agentliyi\" \/>\n<meta property=\"article:publisher\" content=\"https:\/\/www.facebook.com\/88creative.agency\/\" \/>\n<meta property=\"article:modified_time\" content=\"2025-10-01T22:56:21+00:00\" \/>\n<meta property=\"og:image\" content=\"https:\/\/www.88.com.tr\/wp-content\/uploads\/2025\/10\/logo.png\" \/>\n\t<meta property=\"og:image:width\" content=\"250\" \/>\n\t<meta property=\"og:image:height\" content=\"178\" \/>\n\t<meta property=\"og:image:type\" content=\"image\/png\" \/>\n<meta name=\"twitter:card\" content=\"summary_large_image\" \/>\n<meta name=\"twitter:label1\" content=\"Est. reading time\" \/>\n\t<meta name=\"twitter:data1\" content=\"4 minutes\" \/>\n<script type=\"application\/ld+json\" class=\"yoast-schema-graph\">{\"@context\":\"https:\\\/\\\/schema.org\",\"@graph\":[{\"@type\":\"WebPage\",\"@id\":\"https:\\\/\\\/www.88.com.tr\\\/hizmetlerimiz\\\/\",\"url\":\"https:\\\/\\\/www.88.com.tr\\\/hizmetlerimiz\\\/\",\"name\":\"Xidm\u0259tl\u0259rimiz | 88 Creative | R\u0259q\u0259msal Reklam Agentliyi\",\"isPartOf\":{\"@id\":\"https:\\\/\\\/www.88.com.tr\\\/#website\"},\"datePublished\":\"2025-04-29T21:02:45+00:00\",\"dateModified\":\"2025-10-01T22:56:21+00:00\",\"breadcrumb\":{\"@id\":\"https:\\\/\\\/www.88.com.tr\\\/hizmetlerimiz\\\/#breadcrumb\"},\"inLanguage\":\"az\",\"potentialAction\":[{\"@type\":\"ReadAction\",\"target\":[\"https:\\\/\\\/www.88.com.tr\\\/hizmetlerimiz\\\/\"]}]},{\"@type\":\"BreadcrumbList\",\"@id\":\"https:\\\/\\\/www.88.com.tr\\\/hizmetlerimiz\\\/#breadcrumb\",\"itemListElement\":[{\"@type\":\"ListItem\",\"position\":1,\"name\":\"Anasayfa\",\"item\":\"https:\\\/\\\/www.88.com.tr\\\/\"},{\"@type\":\"ListItem\",\"position\":2,\"name\":\"Xidm\u0259tl\u0259rimiz\"}]},{\"@type\":\"WebSite\",\"@id\":\"https:\\\/\\\/www.88.com.tr\\\/#website\",\"url\":\"https:\\\/\\\/www.88.com.tr\\\/\",\"name\":\"88 Creative | R\u0259q\u0259msal Reklam Agentliyi\",\"description\":\"\",\"publisher\":{\"@id\":\"https:\\\/\\\/www.88.com.tr\\\/#organization\"},\"potentialAction\":[{\"@type\":\"SearchAction\",\"target\":{\"@type\":\"EntryPoint\",\"urlTemplate\":\"https:\\\/\\\/www.88.com.tr\\\/?s={search_term_string}\"},\"query-input\":{\"@type\":\"PropertyValueSpecification\",\"valueRequired\":true,\"valueName\":\"search_term_string\"}}],\"inLanguage\":\"az\"},{\"@type\":\"Organization\",\"@id\":\"https:\\\/\\\/www.88.com.tr\\\/#organization\",\"name\":\"88 Creative - Dijital Reklam Ajans\u0131\",\"url\":\"https:\\\/\\\/www.88.com.tr\\\/\",\"logo\":{\"@type\":\"ImageObject\",\"inLanguage\":\"az\",\"@id\":\"https:\\\/\\\/www.88.com.tr\\\/#\\\/schema\\\/logo\\\/image\\\/\",\"url\":\"https:\\\/\\\/www.88.com.tr\\\/wp-content\\\/uploads\\\/2025\\\/10\\\/logo.png\",\"contentUrl\":\"https:\\\/\\\/www.88.com.tr\\\/wp-content\\\/uploads\\\/2025\\\/10\\\/logo.png\",\"width\":250,\"height\":178,\"caption\":\"88 Creative - Dijital Reklam Ajans\u0131\"},\"image\":{\"@id\":\"https:\\\/\\\/www.88.com.tr\\\/#\\\/schema\\\/logo\\\/image\\\/\"},\"sameAs\":[\"https:\\\/\\\/www.facebook.com\\\/88creative.agency\\\/\",\"https:\\\/\\\/www.instagram.com\\\/88creative.agency\\\/\",\"https:\\\/\\\/tr.linkedin.com\\\/company\\\/88creative-agency\"]}]}<\/script>\n<!-- \/ Yoast SEO Premium plugin. -->","yoast_head_json":{"title":"Xidm\u0259tl\u0259rimiz | 88 Creative | R\u0259q\u0259msal Reklam Agentliyi","robots":{"index":"index","follow":"follow","max-snippet":"max-snippet:-1","max-image-preview":"max-image-preview:large","max-video-preview":"max-video-preview:-1"},"canonical":"https:\/\/www.88.com.tr\/hizmetlerimiz\/","og_locale":"az_AZ","og_type":"article","og_title":"Xidm\u0259tl\u0259rimiz","og_description":"[vc_row row_height_percent=&#8221;0&#8243; override_padding=&#8221;yes&#8221; h_padding=&#8221;4&#8243; top_padding=&#8221;3&#8243; bottom_padding=&#8221;3&#8243; overlay_alpha=&#8221;100&#8243; gutter_size=&#8221;100&#8243; column_width_percent=&#8221;100&#8243; shift_y=&#8221;0&#8243; z_index=&#8221;0&#8243; style=&#8221;inherited&#8221; uncode_shortcode_id=&#8221;787091&#8243;][vc_column column_width_use_pixel=&#8221;yes&#8221; align_horizontal=&#8221;align_center&#8221; gutter_size=&#8221;4&#8243; font_family=&#8221;font-555555&#8243; overlay_alpha=&#8221;100&#8243; shift_x=&#8221;0&#8243; shift_y=&#8221;0&#8243; [&hellip;]","og_url":"https:\/\/www.88.com.tr\/hizmetlerimiz\/","og_site_name":"88 Creative | R\u0259q\u0259msal Reklam Agentliyi","article_publisher":"https:\/\/www.facebook.com\/88creative.agency\/","article_modified_time":"2025-10-01T22:56:21+00:00","og_image":[{"width":250,"height":178,"url":"https:\/\/www.88.com.tr\/wp-content\/uploads\/2025\/10\/logo.png","type":"image\/png"}],"twitter_card":"summary_large_image","twitter_misc":{"Est. reading time":"4 minutes"},"schema":{"@context":"https:\/\/schema.org","@graph":[{"@type":"WebPage","@id":"https:\/\/www.88.com.tr\/hizmetlerimiz\/","url":"https:\/\/www.88.com.tr\/hizmetlerimiz\/","name":"Xidm\u0259tl\u0259rimiz | 88 Creative | R\u0259q\u0259msal Reklam Agentliyi","isPartOf":{"@id":"https:\/\/www.88.com.tr\/#website"},"datePublished":"2025-04-29T21:02:45+00:00","dateModified":"2025-10-01T22:56:21+00:00","breadcrumb":{"@id":"https:\/\/www.88.com.tr\/hizmetlerimiz\/#breadcrumb"},"inLanguage":"az","potentialAction":[{"@type":"ReadAction","target":["https:\/\/www.88.com.tr\/hizmetlerimiz\/"]}]},{"@type":"BreadcrumbList","@id":"https:\/\/www.88.com.tr\/hizmetlerimiz\/#breadcrumb","itemListElement":[{"@type":"ListItem","position":1,"name":"Anasayfa","item":"https:\/\/www.88.com.tr\/"},{"@type":"ListItem","position":2,"name":"Xidm\u0259tl\u0259rimiz"}]},{"@type":"WebSite","@id":"https:\/\/www.88.com.tr\/#website","url":"https:\/\/www.88.com.tr\/","name":"88 Creative | R\u0259q\u0259msal Reklam Agentliyi","description":"","publisher":{"@id":"https:\/\/www.88.com.tr\/#organization"},"potentialAction":[{"@type":"SearchAction","target":{"@type":"EntryPoint","urlTemplate":"https:\/\/www.88.com.tr\/?s={search_term_string}"},"query-input":{"@type":"PropertyValueSpecification","valueRequired":true,"valueName":"search_term_string"}}],"inLanguage":"az"},{"@type":"Organization","@id":"https:\/\/www.88.com.tr\/#organization","name":"88 Creative - Dijital Reklam Ajans\u0131","url":"https:\/\/www.88.com.tr\/","logo":{"@type":"ImageObject","inLanguage":"az","@id":"https:\/\/www.88.com.tr\/#\/schema\/logo\/image\/","url":"https:\/\/www.88.com.tr\/wp-content\/uploads\/2025\/10\/logo.png","contentUrl":"https:\/\/www.88.com.tr\/wp-content\/uploads\/2025\/10\/logo.png","width":250,"height":178,"caption":"88 Creative - Dijital Reklam Ajans\u0131"},"image":{"@id":"https:\/\/www.88.com.tr\/#\/schema\/logo\/image\/"},"sameAs":["https:\/\/www.facebook.com\/88creative.agency\/","https:\/\/www.instagram.com\/88creative.agency\/","https:\/\/tr.linkedin.com\/company\/88creative-agency"]}]}},"_links":{"self":[{"href":"https:\/\/www.88.com.tr\/az\/wp-json\/wp\/v2\/pages\/611","targetHints":{"allow":["GET"]}}],"collection":[{"href":"https:\/\/www.88.com.tr\/az\/wp-json\/wp\/v2\/pages"}],"about":[{"href":"https:\/\/www.88.com.tr\/az\/wp-json\/wp\/v2\/types\/page"}],"author":[{"embeddable":true,"href":"https:\/\/www.88.com.tr\/az\/wp-json\/wp\/v2\/users\/1"}],"replies":[{"embeddable":true,"href":"https:\/\/www.88.com.tr\/az\/wp-json\/wp\/v2\/comments?post=611"}],"version-history":[{"count":0,"href":"https:\/\/www.88.com.tr\/az\/wp-json\/wp\/v2\/pages\/611\/revisions"}],"wp:attachment":[{"href":"https:\/\/www.88.com.tr\/az\/wp-json\/wp\/v2\/media?parent=611"}],"curies":[{"name":"wp","href":"https:\/\/api.w.org\/{rel}","templated":true}]}}